{"id":13,"date":"2026-04-01T15:02:53","date_gmt":"2026-04-01T15:02:53","guid":{"rendered":"https:\/\/staging.ingohettig.com\/legal-notice\/"},"modified":"2026-04-27T13:00:35","modified_gmt":"2026-04-27T11:00:35","slug":"legal-notice","status":"publish","type":"page","link":"https:\/\/ingohettig.com\/de\/legal-notice\/","title":{"rendered":"Impressum"},"content":{"rendered":"<h1>Impressum<\/h1>\n<h2>Angaben gem\u00e4\u00df \u00a7 5 TMG<\/h2>\n<p>Ingo Hettig<br \/>\nUnternehmensberatung\/Business Consulting<br \/>\nSchlehenweg 4<br \/>\n73765 Neuhausen auf den Fildern<br \/>\nDeutschland<\/p>\n<h2>Kontakt<\/h2>\n<p>Telefon: +49 162 7334567<br \/>\nE-Mail: mail@ingohettig.com<\/p>\n<h2>EU VAT ID<\/h2>\n<p>Umsatzsteuer-Identifikationsnummer gem\u00e4\u00df \u00a7 27 a Umsatzsteuergesetz:<br \/>\nDE325450080<\/p>\n<h2>EU-Streitschlichtung<\/h2>\n<p>Die Europ\u00e4ische Kommission stellt eine Plattform zur Online-Streitbeilegung (OS) bereit: <a href=\"https:\/\/ec.europa.eu\/consumers\/odr\" target=\"_blank\" rel=\"noopener noreferrer\">https:\/\/ec.europa.eu\/consumers\/odr<\/a>.<br \/>\nUnsere E-Mail-Adresse finden Sie oben im Impressum.<\/p>\n<h2>Verbraucherstreitbeilegung\/Universalschlichtungsstelle<\/h2>\n<p>Wir sind nicht bereit oder verpflichtet, an Streitbeilegungsverfahren vor einer Verbraucherschlichtungsstelle teilzunehmen.<\/p>\n<h3>Haftung f\u00fcr Inhalte<\/h3>\n<p>Als Diensteanbieter sind wir gem\u00e4\u00df \u00a7 7 Abs.1 TMG f\u00fcr eigene Inhalte auf diesen Seiten nach den allgemeinen Gesetzen verantwortlich. Nach \u00a7\u00a7 8 bis 10 TMG sind wir als Diensteanbieter jedoch nicht verpflichtet, \u00fcbermittelte oder gespeicherte fremde Informationen zu \u00fcberwachen oder nach Umst\u00e4nden zu forschen, die auf eine rechtswidrige T\u00e4tigkeit hinweisen.<\/p>\n<p>Verpflichtungen zur Entfernung oder Sperrung der Nutzung von Informationen nach den allgemeinen Gesetzen bleiben hiervon unber\u00fchrt. Eine diesbez\u00fcgliche Haftung ist jedoch erst ab dem Zeitpunkt der Kenntnis einer konkreten Rechtsverletzung m\u00f6glich. Bei Bekanntwerden von entsprechenden Rechtsverletzungen werden wir diese Inhalte umgehend entfernen.<\/p>\n<h3>Haftung f\u00fcr Links<\/h3>\n<p>Unser Angebot enth\u00e4lt Links zu externen Websites Dritter, auf deren Inhalte wir keinen Einfluss haben. Deshalb k\u00f6nnen wir f\u00fcr diese fremden Inhalte auch keine Gew\u00e4hr \u00fcbernehmen. F\u00fcr die Inhalte der verlinkten Seiten ist stets der jeweilige Anbieter oder Betreiber der Seiten verantwortlich.<\/p>\n<p>Die verlinkten Seiten wurden zum Zeitpunkt der Verlinkung auf m\u00f6gliche Rechtsverst\u00f6\u00dfe \u00fcberpr\u00fcft. Rechtswidrige Inhalte waren zum Zeitpunkt der Verlinkung nicht erkennbar. Eine permanente inhaltliche Kontrolle der verlinkten Seiten ist jedoch ohne konkrete Anhaltspunkte einer Rechtsverletzung nicht zumutbar. Bei Bekanntwerden von Rechtsverletzungen werden wir derartige Links umgehend entfernen.<\/p>\n<h3>Urheberrecht<\/h3>\n<p>Die durch die Seitenbetreiber erstellten Inhalte und Werke auf diesen Seiten unterliegen dem deutschen Urheberrecht. Die Vervielf\u00e4ltigung, Bearbeitung, Verbreitung und jede Art der Verwertung au\u00dferhalb der Grenzen des Urheberrechtes bed\u00fcrfen der schriftlichen Zustimmung des jeweiligen Autors bzw. Erstellers. Downloads und Kopien dieser Seite sind nur f\u00fcr den privaten, nicht kommerziellen Gebrauch gestattet.<br \/>\nDie kommerzielle Nutzung unserer Inhalte ohne Genehmigung des Urhebers ist untersagt.<\/p>\n<p>Soweit die Inhalte auf dieser Seite nicht vom Betreiber erstellt wurden, werden die Urheberrechte Dritter beachtet. Insbesondere werden Inhalte Dritter als solche gekennzeichnet. Sollten Sie trotzdem auf eine Urheberrechtsverletzung aufmerksam werden, bitten wir um einen entsprechenden Hinweis. Bei Bekanntwerden von Rechtsverletzungen werden wir derartige Inhalte umgehend entfernen.<\/p>","protected":false},"excerpt":{"rendered":"<p>Site Notice Information pursuant to Sect. 5 German Telemedia Act (TMG) Ingo Hettig Unternehmensberatung\/Business Consulting Schlehenweg 4 73765 Neuhausen auf den Fildern Germany Contact Phone: +49 162 7334567 E-mail: mail@ingohettig.com EU VAT ID Sales tax identification number according to Sect. 27 a of the Sales Tax Law: DE325450080 EU dispute resolution The European Commission provides [&hellip;]<\/p>\n","protected":false},"author":1,"featured_media":0,"parent":0,"menu_order":0,"comment_status":"closed","ping_status":"closed","template":"page-ih-legal.php","meta":{"_acf_changed":false,"footnotes":""},"class_list":["post-13","page","type-page","status-publish","hentry"],"acf":[],"yoast_head":"<!-- This site is optimized with the Yoast SEO plugin v27.4 - https:\/\/yoast.com\/product\/yoast-seo-wordpress\/ -->\n<title>Legal Notice \u2014 Ingo Hettig<\/title>\n<meta name=\"robots\" content=\"noindex, follow\" \/>\n<meta property=\"og:locale\" content=\"de_DE\" \/>\n<meta property=\"og:type\" content=\"article\" \/>\n<meta property=\"og:title\" content=\"Legal Notice \u2014 Ingo Hettig\" \/>\n<meta property=\"og:description\" content=\"Site Notice Information pursuant to Sect. 5 German Telemedia Act (TMG) Ingo Hettig Unternehmensberatung\/Business Consulting Schlehenweg 4 73765 Neuhausen auf den Fildern Germany Contact Phone: +49 162 7334567 E-mail: mail@ingohettig.com EU VAT ID Sales tax identification number according to Sect. 27 a of the Sales Tax Law: DE325450080 EU dispute resolution The European Commission provides [&hellip;]\" \/>\n<meta property=\"og:url\" content=\"https:\/\/ingohettig.com\/de\/legal-notice\/\" \/>\n<meta property=\"og:site_name\" content=\"Ingo Hettig\" \/>\n<meta property=\"article:modified_time\" content=\"2026-04-27T11:00:35+00:00\" \/>\n<meta property=\"og:image\" content=\"https:\/\/ingohettig.com\/wp-content\/uploads\/2026\/04\/ingohettig-1-1.jpg\" \/>\n\t<meta property=\"og:image:width\" content=\"960\" \/>\n\t<meta property=\"og:image:height\" content=\"1061\" \/>\n\t<meta property=\"og:image:type\" content=\"image\/jpeg\" \/>\n<meta name=\"twitter:card\" content=\"summary_large_image\" \/>\n<meta name=\"twitter:label1\" content=\"Gesch\u00e4tzte Lesezeit\" \/>\n\t<meta name=\"twitter:data1\" content=\"2\u00a0Minuten\" \/>\n<script type=\"application\/ld+json\" class=\"yoast-schema-graph\">{\"@context\":\"https:\\\/\\\/schema.org\",\"@graph\":[{\"@type\":\"WebPage\",\"@id\":\"https:\\\/\\\/ingohettig.com\\\/legal-notice\\\/\",\"url\":\"https:\\\/\\\/ingohettig.com\\\/legal-notice\\\/\",\"name\":\"Legal Notice \u2014 Ingo Hettig\",\"isPartOf\":{\"@id\":\"https:\\\/\\\/ingohettig.com\\\/#website\"},\"datePublished\":\"2026-04-01T15:02:53+00:00\",\"dateModified\":\"2026-04-27T11:00:35+00:00\",\"breadcrumb\":{\"@id\":\"https:\\\/\\\/ingohettig.com\\\/legal-notice\\\/#breadcrumb\"},\"inLanguage\":\"de\",\"potentialAction\":[{\"@type\":\"ReadAction\",\"target\":[\"https:\\\/\\\/ingohettig.com\\\/legal-notice\\\/\"]}]},{\"@type\":\"BreadcrumbList\",\"@id\":\"https:\\\/\\\/ingohettig.com\\\/legal-notice\\\/#breadcrumb\",\"itemListElement\":[{\"@type\":\"ListItem\",\"position\":1,\"name\":\"Home\",\"item\":\"https:\\\/\\\/ingohettig.com\\\/\"},{\"@type\":\"ListItem\",\"position\":2,\"name\":\"Legal Notice\"}]},{\"@type\":\"WebSite\",\"@id\":\"https:\\\/\\\/ingohettig.com\\\/#website\",\"url\":\"https:\\\/\\\/ingohettig.com\\\/\",\"name\":\"Ingo Hettig\",\"description\":\"Gastronomy Consulting &amp; Speaker\",\"publisher\":{\"@id\":\"https:\\\/\\\/ingohettig.com\\\/#\\\/schema\\\/person\\\/b23cd51ec92ad878ca143730c0f1269e\"},\"potentialAction\":[{\"@type\":\"SearchAction\",\"target\":{\"@type\":\"EntryPoint\",\"urlTemplate\":\"https:\\\/\\\/ingohettig.com\\\/?s={search_term_string}\"},\"query-input\":{\"@type\":\"PropertyValueSpecification\",\"valueRequired\":true,\"valueName\":\"search_term_string\"}}],\"inLanguage\":\"de\"},{\"@type\":[\"Person\",\"Organization\"],\"@id\":\"https:\\\/\\\/ingohettig.com\\\/#\\\/schema\\\/person\\\/b23cd51ec92ad878ca143730c0f1269e\",\"name\":\"Ingo Hettig\",\"image\":{\"@type\":\"ImageObject\",\"inLanguage\":\"de\",\"@id\":\"https:\\\/\\\/secure.gravatar.com\\\/avatar\\\/f2514f554387e15f16741577f198989c398d097c4aedb1f601c305198936cf5d?s=96&d=mm&r=g\",\"url\":\"https:\\\/\\\/secure.gravatar.com\\\/avatar\\\/f2514f554387e15f16741577f198989c398d097c4aedb1f601c305198936cf5d?s=96&d=mm&r=g\",\"contentUrl\":\"https:\\\/\\\/secure.gravatar.com\\\/avatar\\\/f2514f554387e15f16741577f198989c398d097c4aedb1f601c305198936cf5d?s=96&d=mm&r=g\",\"caption\":\"Ingo Hettig\"},\"logo\":{\"@id\":\"https:\\\/\\\/secure.gravatar.com\\\/avatar\\\/f2514f554387e15f16741577f198989c398d097c4aedb1f601c305198936cf5d?s=96&d=mm&r=g\"},\"sameAs\":[\"https:\\\/\\\/ingohettig.com\"]}]}<\/script>\n<!-- \/ Yoast SEO plugin. -->","yoast_head_json":{"title":"Legal Notice \u2014 Ingo Hettig","robots":{"index":"noindex","follow":"follow"},"og_locale":"de_DE","og_type":"article","og_title":"Legal Notice \u2014 Ingo Hettig","og_description":"Site Notice Information pursuant to Sect. 5 German Telemedia Act (TMG) Ingo Hettig Unternehmensberatung\/Business Consulting Schlehenweg 4 73765 Neuhausen auf den Fildern Germany Contact Phone: +49 162 7334567 E-mail: mail@ingohettig.com EU VAT ID Sales tax identification number according to Sect. 27 a of the Sales Tax Law: DE325450080 EU dispute resolution The European Commission provides [&hellip;]","og_url":"https:\/\/ingohettig.com\/de\/legal-notice\/","og_site_name":"Ingo Hettig","article_modified_time":"2026-04-27T11:00:35+00:00","og_image":[{"width":960,"height":1061,"url":"https:\/\/ingohettig.com\/wp-content\/uploads\/2026\/04\/ingohettig-1-1.jpg","type":"image\/jpeg"}],"twitter_card":"summary_large_image","twitter_misc":{"Gesch\u00e4tzte Lesezeit":"2\u00a0Minuten"},"schema":{"@context":"https:\/\/schema.org","@graph":[{"@type":"WebPage","@id":"https:\/\/ingohettig.com\/legal-notice\/","url":"https:\/\/ingohettig.com\/legal-notice\/","name":"Legal Notice \u2014 Ingo Hettig","isPartOf":{"@id":"https:\/\/ingohettig.com\/#website"},"datePublished":"2026-04-01T15:02:53+00:00","dateModified":"2026-04-27T11:00:35+00:00","breadcrumb":{"@id":"https:\/\/ingohettig.com\/legal-notice\/#breadcrumb"},"inLanguage":"de","potentialAction":[{"@type":"ReadAction","target":["https:\/\/ingohettig.com\/legal-notice\/"]}]},{"@type":"BreadcrumbList","@id":"https:\/\/ingohettig.com\/legal-notice\/#breadcrumb","itemListElement":[{"@type":"ListItem","position":1,"name":"Home","item":"https:\/\/ingohettig.com\/"},{"@type":"ListItem","position":2,"name":"Legal Notice"}]},{"@type":"WebSite","@id":"https:\/\/ingohettig.com\/#website","url":"https:\/\/ingohettig.com\/","name":"Ingo Hettig","description":"Gastronomy Consulting &amp; Speaker","publisher":{"@id":"https:\/\/ingohettig.com\/#\/schema\/person\/b23cd51ec92ad878ca143730c0f1269e"},"potentialAction":[{"@type":"SearchAction","target":{"@type":"EntryPoint","urlTemplate":"https:\/\/ingohettig.com\/?s={search_term_string}"},"query-input":{"@type":"PropertyValueSpecification","valueRequired":true,"valueName":"search_term_string"}}],"inLanguage":"de"},{"@type":["Person","Organization"],"@id":"https:\/\/ingohettig.com\/#\/schema\/person\/b23cd51ec92ad878ca143730c0f1269e","name":"Ingo Hettig","image":{"@type":"ImageObject","inLanguage":"de","@id":"https:\/\/secure.gravatar.com\/avatar\/f2514f554387e15f16741577f198989c398d097c4aedb1f601c305198936cf5d?s=96&d=mm&r=g","url":"https:\/\/secure.gravatar.com\/avatar\/f2514f554387e15f16741577f198989c398d097c4aedb1f601c305198936cf5d?s=96&d=mm&r=g","contentUrl":"https:\/\/secure.gravatar.com\/avatar\/f2514f554387e15f16741577f198989c398d097c4aedb1f601c305198936cf5d?s=96&d=mm&r=g","caption":"Ingo Hettig"},"logo":{"@id":"https:\/\/secure.gravatar.com\/avatar\/f2514f554387e15f16741577f198989c398d097c4aedb1f601c305198936cf5d?s=96&d=mm&r=g"},"sameAs":["https:\/\/ingohettig.com"]}]}},"_links":{"self":[{"href":"https:\/\/ingohettig.com\/de\/wp-json\/wp\/v2\/pages\/13","targetHints":{"allow":["GET"]}}],"collection":[{"href":"https:\/\/ingohettig.com\/de\/wp-json\/wp\/v2\/pages"}],"about":[{"href":"https:\/\/ingohettig.com\/de\/wp-json\/wp\/v2\/types\/page"}],"author":[{"embeddable":true,"href":"https:\/\/ingohettig.com\/de\/wp-json\/wp\/v2\/users\/1"}],"replies":[{"embeddable":true,"href":"https:\/\/ingohettig.com\/de\/wp-json\/wp\/v2\/comments?post=13"}],"version-history":[{"count":5,"href":"https:\/\/ingohettig.com\/de\/wp-json\/wp\/v2\/pages\/13\/revisions"}],"predecessor-version":[{"id":127,"href":"https:\/\/ingohettig.com\/de\/wp-json\/wp\/v2\/pages\/13\/revisions\/127"}],"wp:attachment":[{"href":"https:\/\/ingohettig.com\/de\/wp-json\/wp\/v2\/media?parent=13"}],"curies":[{"name":"wp","href":"https:\/\/api.w.org\/{rel}","templated":true}]}}